{"id":2211,"date":"2023-07-20T14:29:15","date_gmt":"2023-07-20T14:29:15","guid":{"rendered":"https:\/\/luismarin.eu\/prensa\/"},"modified":"2023-10-13T10:40:38","modified_gmt":"2023-10-13T10:40:38","slug":"prensa","status":"publish","type":"page","link":"https:\/\/luismarin.eu\/es\/prensa\/","title":{"rendered":"Prensa"},"content":{"rendered":"\t\t<div data-elementor-type=\"wp-page\" data-elementor-id=\"2211\" class=\"elementor elementor-2211\">\n\t\t\t\t\t\t<section class=\"has_eae_slider elementor-section elementor-top-section elementor-element elementor-element-059a076 elementor-section-boxed elementor-section-height-default elementor-section-height-default\" data-id=\"059a076\" data-element_type=\"section\">\n\t\t\t\t\t\t<div class=\"elementor-container elementor-column-gap-default\">\n\t\t\t\t\t<div class=\"has_eae_slider elementor-column elementor-col-33 elementor-top-column elementor-element elementor-element-356c994\" data-id=\"356c994\" data-element_type=\"column\">\n\t\t\t<div class=\"elementor-widget-wrap elementor-element-populated\">\n\t\t\t\t\t\t<div class=\"elementor-element elementor-element-7c9c3a9 elementor-widget elementor-widget-image\" data-id=\"7c9c3a9\" data-element_type=\"widget\" data-widget_type=\"image.default\">\n\t\t\t\t<div class=\"elementor-widget-container\">\n\t\t\t<style>\/*! elementor - v3.21.0 - 08-05-2024 *\/\n.elementor-widget-image{text-align:center}.elementor-widget-image a{display:inline-block}.elementor-widget-image a img[src$=\".svg\"]{width:48px}.elementor-widget-image img{vertical-align:middle;display:inline-block}<\/style>\t\t\t\t\t\t\t\t\t\t\t<a href=\"https:\/\/diariodelcampo.com\/los-vinos-de-carinena-obtienen-dieciseis-medallas-en-el-concurso-garnachas-del-mundo\/\">\n\t\t\t\t\t\t\t<img fetchpriority=\"high\" decoding=\"async\" width=\"725\" height=\"1024\" src=\"https:\/\/luismarin.eu\/wp-content\/uploads\/2023\/07\/2023-06-29-DIARIO-DEL-CAMPO-725x1024.jpg\" class=\"attachment-large size-large wp-image-1858\" alt=\"\" srcset=\"https:\/\/luismarin.eu\/wp-content\/uploads\/2023\/07\/2023-06-29-DIARIO-DEL-CAMPO-725x1024.jpg 725w, https:\/\/luismarin.eu\/wp-content\/uploads\/2023\/07\/2023-06-29-DIARIO-DEL-CAMPO-212x300.jpg 212w, https:\/\/luismarin.eu\/wp-content\/uploads\/2023\/07\/2023-06-29-DIARIO-DEL-CAMPO-768x1085.jpg 768w, https:\/\/luismarin.eu\/wp-content\/uploads\/2023\/07\/2023-06-29-DIARIO-DEL-CAMPO-1087x1536.jpg 1087w, https:\/\/luismarin.eu\/wp-content\/uploads\/2023\/07\/2023-06-29-DIARIO-DEL-CAMPO.jpg 1241w\" sizes=\"(max-width: 725px) 100vw, 725px\" \/>\t\t\t\t\t\t\t\t<\/a>\n\t\t\t\t\t\t\t\t\t\t\t\t\t<\/div>\n\t\t\t\t<\/div>\n\t\t\t\t\t<\/div>\n\t\t<\/div>\n\t\t\t\t<div class=\"has_eae_slider elementor-column elementor-col-33 elementor-top-column elementor-element elementor-element-3b18aed\" data-id=\"3b18aed\" data-element_type=\"column\">\n\t\t\t<div class=\"elementor-widget-wrap elementor-element-populated\">\n\t\t\t\t\t\t<div class=\"elementor-element elementor-element-9c7b749 elementor-widget elementor-widget-image\" data-id=\"9c7b749\" data-element_type=\"widget\" data-widget_type=\"image.default\">\n\t\t\t\t<div class=\"elementor-widget-container\">\n\t\t\t\t\t\t\t\t\t\t\t\t\t\t<a href=\"https:\/\/www.elperiodicodearagon.com\/cultura\/2023\/06\/30\/vinos-aragoneses-arrasan-mundo-89301524.html#lnod4vvg7qxkz4hsrmp\">\n\t\t\t\t\t\t\t<img decoding=\"async\" width=\"725\" height=\"1024\" src=\"https:\/\/luismarin.eu\/wp-content\/uploads\/2023\/07\/2023-06-30-EL-PERIODICO-DE-ARAGON-725x1024.jpg\" class=\"attachment-large size-large wp-image-1861\" alt=\"\" srcset=\"https:\/\/luismarin.eu\/wp-content\/uploads\/2023\/07\/2023-06-30-EL-PERIODICO-DE-ARAGON-725x1024.jpg 725w, https:\/\/luismarin.eu\/wp-content\/uploads\/2023\/07\/2023-06-30-EL-PERIODICO-DE-ARAGON-212x300.jpg 212w, https:\/\/luismarin.eu\/wp-content\/uploads\/2023\/07\/2023-06-30-EL-PERIODICO-DE-ARAGON-768x1085.jpg 768w, https:\/\/luismarin.eu\/wp-content\/uploads\/2023\/07\/2023-06-30-EL-PERIODICO-DE-ARAGON-1087x1536.jpg 1087w, https:\/\/luismarin.eu\/wp-content\/uploads\/2023\/07\/2023-06-30-EL-PERIODICO-DE-ARAGON.jpg 1241w\" sizes=\"(max-width: 725px) 100vw, 725px\" \/>\t\t\t\t\t\t\t\t<\/a>\n\t\t\t\t\t\t\t\t\t\t\t\t\t<\/div>\n\t\t\t\t<\/div>\n\t\t\t\t\t<\/div>\n\t\t<\/div>\n\t\t\t\t<div class=\"has_eae_slider elementor-column elementor-col-33 elementor-top-column elementor-element elementor-element-3119f3c\" data-id=\"3119f3c\" data-element_type=\"column\">\n\t\t\t<div class=\"elementor-widget-wrap elementor-element-populated\">\n\t\t\t\t\t\t<div class=\"elementor-element elementor-element-ab62b8a elementor-widget elementor-widget-image\" data-id=\"ab62b8a\" data-element_type=\"widget\" data-widget_type=\"image.default\">\n\t\t\t\t<div class=\"elementor-widget-container\">\n\t\t\t\t\t\t\t\t\t\t\t\t\t\t<a href=\"http:\/\/www.sevi.net\/es\/3642\/81\/19687\/La-Garnacha-espa%C3%B1ola-brilla-en-el-Concurso-Internacional-Grenaches-du-Monde-de-Nueva-York-con-141-medallas.htm\">\n\t\t\t\t\t\t\t<img decoding=\"async\" width=\"725\" height=\"1024\" src=\"https:\/\/luismarin.eu\/wp-content\/uploads\/2023\/07\/2023-06-30-SEVI.NET_-725x1024.jpg\" class=\"attachment-large size-large wp-image-1864\" alt=\"\" srcset=\"https:\/\/luismarin.eu\/wp-content\/uploads\/2023\/07\/2023-06-30-SEVI.NET_-725x1024.jpg 725w, https:\/\/luismarin.eu\/wp-content\/uploads\/2023\/07\/2023-06-30-SEVI.NET_-212x300.jpg 212w, https:\/\/luismarin.eu\/wp-content\/uploads\/2023\/07\/2023-06-30-SEVI.NET_-768x1085.jpg 768w, https:\/\/luismarin.eu\/wp-content\/uploads\/2023\/07\/2023-06-30-SEVI.NET_-1087x1536.jpg 1087w, https:\/\/luismarin.eu\/wp-content\/uploads\/2023\/07\/2023-06-30-SEVI.NET_.jpg 1241w\" sizes=\"(max-width: 725px) 100vw, 725px\" \/>\t\t\t\t\t\t\t\t<\/a>\n\t\t\t\t\t\t\t\t\t\t\t\t\t<\/div>\n\t\t\t\t<\/div>\n\t\t\t\t\t<\/div>\n\t\t<\/div>\n\t\t\t\t\t<\/div>\n\t\t<\/section>\n\t\t\t\t<section class=\"has_eae_slider elementor-section elementor-top-section elementor-element elementor-element-6b70560 elementor-section-boxed elementor-section-height-default elementor-section-height-default\" data-id=\"6b70560\" data-element_type=\"section\">\n\t\t\t\t\t\t<div class=\"elementor-container elementor-column-gap-default\">\n\t\t\t\t\t<div class=\"has_eae_slider elementor-column elementor-col-33 elementor-top-column elementor-element elementor-element-a9c26c9\" data-id=\"a9c26c9\" data-element_type=\"column\">\n\t\t\t<div class=\"elementor-widget-wrap elementor-element-populated\">\n\t\t\t\t\t\t<div class=\"elementor-element elementor-element-655ade2 elementor-widget elementor-widget-image\" data-id=\"655ade2\" data-element_type=\"widget\" data-widget_type=\"image.default\">\n\t\t\t\t<div class=\"elementor-widget-container\">\n\t\t\t\t\t\t\t\t\t\t\t\t\t\t<a href=\"https:\/\/www.heraldo.es\/noticias\/gastronomia\/2023\/06\/28\/vinos-concurso-garnachas-mundo-ganadores-aragon-1661821.html\">\n\t\t\t\t\t\t\t<img loading=\"lazy\" decoding=\"async\" width=\"725\" height=\"1024\" src=\"https:\/\/luismarin.eu\/wp-content\/uploads\/2023\/07\/2023-07-01-HERALDO-DE-ARAGON-725x1024.jpg\" class=\"attachment-large size-large wp-image-1867\" alt=\"\" srcset=\"https:\/\/luismarin.eu\/wp-content\/uploads\/2023\/07\/2023-07-01-HERALDO-DE-ARAGON-725x1024.jpg 725w, https:\/\/luismarin.eu\/wp-content\/uploads\/2023\/07\/2023-07-01-HERALDO-DE-ARAGON-212x300.jpg 212w, https:\/\/luismarin.eu\/wp-content\/uploads\/2023\/07\/2023-07-01-HERALDO-DE-ARAGON-768x1085.jpg 768w, https:\/\/luismarin.eu\/wp-content\/uploads\/2023\/07\/2023-07-01-HERALDO-DE-ARAGON-1087x1536.jpg 1087w, https:\/\/luismarin.eu\/wp-content\/uploads\/2023\/07\/2023-07-01-HERALDO-DE-ARAGON.jpg 1241w\" sizes=\"(max-width: 725px) 100vw, 725px\" \/>\t\t\t\t\t\t\t\t<\/a>\n\t\t\t\t\t\t\t\t\t\t\t\t\t<\/div>\n\t\t\t\t<\/div>\n\t\t\t\t\t<\/div>\n\t\t<\/div>\n\t\t\t\t<div class=\"has_eae_slider elementor-column elementor-col-33 elementor-top-column elementor-element elementor-element-27e9518\" data-id=\"27e9518\" data-element_type=\"column\">\n\t\t\t<div class=\"elementor-widget-wrap elementor-element-populated\">\n\t\t\t\t\t\t<div class=\"elementor-element elementor-element-9e91eb0 elementor-widget elementor-widget-image\" data-id=\"9e91eb0\" data-element_type=\"widget\" data-widget_type=\"image.default\">\n\t\t\t\t<div class=\"elementor-widget-container\">\n\t\t\t\t\t\t\t\t\t\t\t\t\t\t<a href=\"https:\/\/www.bing.com\/search?q=lugares+con+estrella+la+D.O+cari\u00f1ena+en+el+podio&#038;qs=n&#038;form=QBRE&#038;sp=-1&#038;lq=0&#038;pq=lugares+con+estrella+la+d.o+cari\u00f1ena+en+el+podio&#038;sc=1-48&#038;sk=&#038;cvid=E4880940DBE44F4294DD84D0373DF69B&#038;ghsh=0&#038;ghacc=0&#038;ghpl=\">\n\t\t\t\t\t\t\t<img loading=\"lazy\" decoding=\"async\" width=\"725\" height=\"1024\" src=\"https:\/\/luismarin.eu\/wp-content\/uploads\/2023\/07\/2023-07-04-LUGARES-CON-ESTRELLA-725x1024.jpg\" class=\"attachment-large size-large wp-image-1870\" alt=\"\" srcset=\"https:\/\/luismarin.eu\/wp-content\/uploads\/2023\/07\/2023-07-04-LUGARES-CON-ESTRELLA-725x1024.jpg 725w, https:\/\/luismarin.eu\/wp-content\/uploads\/2023\/07\/2023-07-04-LUGARES-CON-ESTRELLA-212x300.jpg 212w, https:\/\/luismarin.eu\/wp-content\/uploads\/2023\/07\/2023-07-04-LUGARES-CON-ESTRELLA-768x1085.jpg 768w, https:\/\/luismarin.eu\/wp-content\/uploads\/2023\/07\/2023-07-04-LUGARES-CON-ESTRELLA-1087x1536.jpg 1087w, https:\/\/luismarin.eu\/wp-content\/uploads\/2023\/07\/2023-07-04-LUGARES-CON-ESTRELLA.jpg 1241w\" sizes=\"(max-width: 725px) 100vw, 725px\" \/>\t\t\t\t\t\t\t\t<\/a>\n\t\t\t\t\t\t\t\t\t\t\t\t\t<\/div>\n\t\t\t\t<\/div>\n\t\t\t\t\t<\/div>\n\t\t<\/div>\n\t\t\t\t<div class=\"has_eae_slider elementor-column elementor-col-33 elementor-top-column elementor-element elementor-element-b74c827\" data-id=\"b74c827\" data-element_type=\"column\">\n\t\t\t<div class=\"elementor-widget-wrap elementor-element-populated\">\n\t\t\t\t\t\t<div class=\"elementor-element elementor-element-b36a1fb elementor-widget elementor-widget-image\" data-id=\"b36a1fb\" data-element_type=\"widget\" data-widget_type=\"image.default\">\n\t\t\t\t<div class=\"elementor-widget-container\">\n\t\t\t\t\t\t\t\t\t\t\t\t\t\t<a href=\"https:\/\/vinosdecastillalamancha.es\/los-mejores-vinos-garnacha-de-espana-de-este-ano\/\">\n\t\t\t\t\t\t\t<img loading=\"lazy\" decoding=\"async\" width=\"725\" height=\"1024\" src=\"https:\/\/luismarin.eu\/wp-content\/uploads\/2023\/07\/2023-07-07-VINOS-DE-CASTILLA-LA-MANCHA-725x1024.jpg\" class=\"attachment-large size-large wp-image-1873\" alt=\"\" srcset=\"https:\/\/luismarin.eu\/wp-content\/uploads\/2023\/07\/2023-07-07-VINOS-DE-CASTILLA-LA-MANCHA-725x1024.jpg 725w, https:\/\/luismarin.eu\/wp-content\/uploads\/2023\/07\/2023-07-07-VINOS-DE-CASTILLA-LA-MANCHA-212x300.jpg 212w, https:\/\/luismarin.eu\/wp-content\/uploads\/2023\/07\/2023-07-07-VINOS-DE-CASTILLA-LA-MANCHA-768x1085.jpg 768w, https:\/\/luismarin.eu\/wp-content\/uploads\/2023\/07\/2023-07-07-VINOS-DE-CASTILLA-LA-MANCHA-1087x1536.jpg 1087w, https:\/\/luismarin.eu\/wp-content\/uploads\/2023\/07\/2023-07-07-VINOS-DE-CASTILLA-LA-MANCHA.jpg 1241w\" sizes=\"(max-width: 725px) 100vw, 725px\" \/>\t\t\t\t\t\t\t\t<\/a>\n\t\t\t\t\t\t\t\t\t\t\t\t\t<\/div>\n\t\t\t\t<\/div>\n\t\t\t\t\t<\/div>\n\t\t<\/div>\n\t\t\t\t\t<\/div>\n\t\t<\/section>\n\t\t\t\t<\/div>\n\t\t","protected":false},"excerpt":{"rendered":"","protected":false},"author":1,"featured_media":0,"parent":0,"menu_order":0,"comment_status":"closed","ping_status":"closed","template":"","meta":{"footnotes":""},"class_list":["post-2211","page","type-page","status-publish","hentry"],"yoast_head":"<!-- This site is optimized with the Yoast SEO plugin v22.7 - https:\/\/yoast.com\/wordpress\/plugins\/seo\/ -->\n<title>Prensa - Bodega Luis Mar\u00edn<\/title>\n<meta name=\"description\" content=\"Descubre los exquisitos vinos de Cari\u00f1ena de Bodega Luis Mar\u00edn. Explora nuestra selecci\u00f3n de vinos de calidad y disfruta de la tradici\u00f3n familiar en cada botella.\" \/>\n<meta name=\"robots\" content=\"index, follow, max-snippet:-1, max-image-preview:large, max-video-preview:-1\" \/>\n<link rel=\"canonical\" href=\"https:\/\/luismarin.eu\/es\/prensa\/\" \/>\n<meta property=\"og:locale\" content=\"es_ES\" \/>\n<meta property=\"og:type\" content=\"article\" \/>\n<meta property=\"og:title\" content=\"Prensa - Bodega Luis Mar\u00edn\" \/>\n<meta property=\"og:description\" content=\"Descubre los exquisitos vinos de Cari\u00f1ena de Bodega Luis Mar\u00edn. Explora nuestra selecci\u00f3n de vinos de calidad y disfruta de la tradici\u00f3n familiar en cada botella.\" \/>\n<meta property=\"og:url\" content=\"https:\/\/luismarin.eu\/es\/prensa\/\" \/>\n<meta property=\"og:site_name\" content=\"Bodega Luis Mar\u00edn\" \/>\n<meta property=\"article:modified_time\" content=\"2023-10-13T10:40:38+00:00\" \/>\n<meta property=\"og:image\" content=\"https:\/\/luismarin.eu\/wp-content\/uploads\/2023\/07\/2023-06-29-DIARIO-DEL-CAMPO-725x1024.jpg\" \/>\n<meta name=\"twitter:card\" content=\"summary_large_image\" \/>\n<script type=\"application\/ld+json\" class=\"yoast-schema-graph\">{\"@context\":\"https:\/\/schema.org\",\"@graph\":[{\"@type\":\"WebPage\",\"@id\":\"https:\/\/luismarin.eu\/es\/prensa\/\",\"url\":\"https:\/\/luismarin.eu\/es\/prensa\/\",\"name\":\"Prensa - Bodega Luis Mar\u00edn\",\"isPartOf\":{\"@id\":\"https:\/\/luismarin.eu\/es\/#website\"},\"primaryImageOfPage\":{\"@id\":\"https:\/\/luismarin.eu\/es\/prensa\/#primaryimage\"},\"image\":{\"@id\":\"https:\/\/luismarin.eu\/es\/prensa\/#primaryimage\"},\"thumbnailUrl\":\"https:\/\/luismarin.eu\/wp-content\/uploads\/2023\/07\/2023-06-29-DIARIO-DEL-CAMPO-725x1024.jpg\",\"datePublished\":\"2023-07-20T14:29:15+00:00\",\"dateModified\":\"2023-10-13T10:40:38+00:00\",\"description\":\"Descubre los exquisitos vinos de Cari\u00f1ena de Bodega Luis Mar\u00edn. Explora nuestra selecci\u00f3n de vinos de calidad y disfruta de la tradici\u00f3n familiar en cada botella.\",\"inLanguage\":\"es\",\"potentialAction\":[{\"@type\":\"ReadAction\",\"target\":[\"https:\/\/luismarin.eu\/es\/prensa\/\"]}]},{\"@type\":\"ImageObject\",\"inLanguage\":\"es\",\"@id\":\"https:\/\/luismarin.eu\/es\/prensa\/#primaryimage\",\"url\":\"https:\/\/luismarin.eu\/wp-content\/uploads\/2023\/07\/2023-06-29-DIARIO-DEL-CAMPO-725x1024.jpg\",\"contentUrl\":\"https:\/\/luismarin.eu\/wp-content\/uploads\/2023\/07\/2023-06-29-DIARIO-DEL-CAMPO-725x1024.jpg\"},{\"@type\":\"WebSite\",\"@id\":\"https:\/\/luismarin.eu\/es\/#website\",\"url\":\"https:\/\/luismarin.eu\/es\/\",\"name\":\"Bodega Luis Mar\u00edn - Vinos de Cari\u00f1ena y Exportaci\u00f3n\",\"description\":\"Bodegas Luis Marin is a family lead business established as a winery in 1903\",\"alternateName\":\"Bodega Luis Mar\u00edn\",\"potentialAction\":[{\"@type\":\"SearchAction\",\"target\":{\"@type\":\"EntryPoint\",\"urlTemplate\":\"https:\/\/luismarin.eu\/es\/?s={search_term_string}\"},\"query-input\":\"required name=search_term_string\"}],\"inLanguage\":\"es\"}]}<\/script>\n<!-- \/ Yoast SEO plugin. -->","yoast_head_json":{"title":"Prensa - Bodega Luis Mar\u00edn","description":"Descubre los exquisitos vinos de Cari\u00f1ena de Bodega Luis Mar\u00edn. Explora nuestra selecci\u00f3n de vinos de calidad y disfruta de la tradici\u00f3n familiar en cada botella.","robots":{"index":"index","follow":"follow","max-snippet":"max-snippet:-1","max-image-preview":"max-image-preview:large","max-video-preview":"max-video-preview:-1"},"canonical":"https:\/\/luismarin.eu\/es\/prensa\/","og_locale":"es_ES","og_type":"article","og_title":"Prensa - Bodega Luis Mar\u00edn","og_description":"Descubre los exquisitos vinos de Cari\u00f1ena de Bodega Luis Mar\u00edn. Explora nuestra selecci\u00f3n de vinos de calidad y disfruta de la tradici\u00f3n familiar en cada botella.","og_url":"https:\/\/luismarin.eu\/es\/prensa\/","og_site_name":"Bodega Luis Mar\u00edn","article_modified_time":"2023-10-13T10:40:38+00:00","og_image":[{"url":"https:\/\/luismarin.eu\/wp-content\/uploads\/2023\/07\/2023-06-29-DIARIO-DEL-CAMPO-725x1024.jpg"}],"twitter_card":"summary_large_image","schema":{"@context":"https:\/\/schema.org","@graph":[{"@type":"WebPage","@id":"https:\/\/luismarin.eu\/es\/prensa\/","url":"https:\/\/luismarin.eu\/es\/prensa\/","name":"Prensa - Bodega Luis Mar\u00edn","isPartOf":{"@id":"https:\/\/luismarin.eu\/es\/#website"},"primaryImageOfPage":{"@id":"https:\/\/luismarin.eu\/es\/prensa\/#primaryimage"},"image":{"@id":"https:\/\/luismarin.eu\/es\/prensa\/#primaryimage"},"thumbnailUrl":"https:\/\/luismarin.eu\/wp-content\/uploads\/2023\/07\/2023-06-29-DIARIO-DEL-CAMPO-725x1024.jpg","datePublished":"2023-07-20T14:29:15+00:00","dateModified":"2023-10-13T10:40:38+00:00","description":"Descubre los exquisitos vinos de Cari\u00f1ena de Bodega Luis Mar\u00edn. Explora nuestra selecci\u00f3n de vinos de calidad y disfruta de la tradici\u00f3n familiar en cada botella.","inLanguage":"es","potentialAction":[{"@type":"ReadAction","target":["https:\/\/luismarin.eu\/es\/prensa\/"]}]},{"@type":"ImageObject","inLanguage":"es","@id":"https:\/\/luismarin.eu\/es\/prensa\/#primaryimage","url":"https:\/\/luismarin.eu\/wp-content\/uploads\/2023\/07\/2023-06-29-DIARIO-DEL-CAMPO-725x1024.jpg","contentUrl":"https:\/\/luismarin.eu\/wp-content\/uploads\/2023\/07\/2023-06-29-DIARIO-DEL-CAMPO-725x1024.jpg"},{"@type":"WebSite","@id":"https:\/\/luismarin.eu\/es\/#website","url":"https:\/\/luismarin.eu\/es\/","name":"Bodega Luis Mar\u00edn - Vinos de Cari\u00f1ena y Exportaci\u00f3n","description":"Bodegas Luis Marin is a family lead business established as a winery in 1903","alternateName":"Bodega Luis Mar\u00edn","potentialAction":[{"@type":"SearchAction","target":{"@type":"EntryPoint","urlTemplate":"https:\/\/luismarin.eu\/es\/?s={search_term_string}"},"query-input":"required name=search_term_string"}],"inLanguage":"es"}]}},"_links":{"self":[{"href":"https:\/\/luismarin.eu\/es\/wp-json\/wp\/v2\/pages\/2211","targetHints":{"allow":["GET"]}}],"collection":[{"href":"https:\/\/luismarin.eu\/es\/wp-json\/wp\/v2\/pages"}],"about":[{"href":"https:\/\/luismarin.eu\/es\/wp-json\/wp\/v2\/types\/page"}],"author":[{"embeddable":true,"href":"https:\/\/luismarin.eu\/es\/wp-json\/wp\/v2\/users\/1"}],"replies":[{"embeddable":true,"href":"https:\/\/luismarin.eu\/es\/wp-json\/wp\/v2\/comments?post=2211"}],"version-history":[{"count":1,"href":"https:\/\/luismarin.eu\/es\/wp-json\/wp\/v2\/pages\/2211\/revisions"}],"predecessor-version":[{"id":2212,"href":"https:\/\/luismarin.eu\/es\/wp-json\/wp\/v2\/pages\/2211\/revisions\/2212"}],"wp:attachment":[{"href":"https:\/\/luismarin.eu\/es\/wp-json\/wp\/v2\/media?parent=2211"}],"curies":[{"name":"wp","href":"https:\/\/api.w.org\/{rel}","templated":true}]}}